{"id":511,"date":"2024-07-10T09:22:51","date_gmt":"2024-07-10T09:22:51","guid":{"rendered":"https:\/\/internortex.net\/?page_id=511"},"modified":"2024-07-10T09:37:19","modified_gmt":"2024-07-10T09:37:19","slug":"puesto-de-trabajo-seguro","status":"publish","type":"page","link":"https:\/\/internortex.net\/index.php\/puesto-de-trabajo-seguro\/","title":{"rendered":"Puesto de trabajo seguro"},"content":{"rendered":"\t\t<div data-elementor-type=\"wp-page\" data-elementor-id=\"511\" class=\"elementor elementor-511\">\n\t\t\t\t\t\t<section class=\"elementor-section elementor-top-section elementor-element elementor-element-ffbc32e elementor-section-boxed elementor-section-height-default elementor-section-height-default\" data-id=\"ffbc32e\" data-element_type=\"section\" data-e-type=\"section\">\n\t\t\t\t\t\t<div class=\"elementor-container elementor-column-gap-default\">\n\t\t\t\t\t<div class=\"elementor-column elementor-col-100 elementor-top-column elementor-element elementor-element-3e6ec33\" data-id=\"3e6ec33\" data-element_type=\"column\" data-e-type=\"column\">\n\t\t\t<div class=\"elementor-widget-wrap elementor-element-populated\">\n\t\t\t\t\t\t<div class=\"elementor-element elementor-element-986486b elementor-widget elementor-widget-heading\" data-id=\"986486b\" data-element_type=\"widget\" data-e-type=\"widget\" data-widget_type=\"heading.default\">\n\t\t\t\t<div class=\"elementor-widget-container\">\n\t\t\t\t\t<h2 class=\"elementor-heading-title elementor-size-default\"><font color=\"#072142\" face=\"Poppins, sans-serif\"><span style=\"font-size: 40px\">Puesto de trabajo seguro<\/span><\/font><\/h2>\t\t\t\t<\/div>\n\t\t\t\t<\/div>\n\t\t\t\t\t<\/div>\n\t\t<\/div>\n\t\t\t\t\t<\/div>\n\t\t<\/section>\n\t\t\t\t<section class=\"elementor-section elementor-top-section elementor-element elementor-element-1c8cb54 elementor-section-boxed elementor-section-height-default elementor-section-height-default\" data-id=\"1c8cb54\" data-element_type=\"section\" data-e-type=\"section\">\n\t\t\t\t\t\t<div class=\"elementor-container elementor-column-gap-default\">\n\t\t\t\t\t<div class=\"elementor-column elementor-col-100 elementor-top-column elementor-element elementor-element-c9238de\" data-id=\"c9238de\" data-element_type=\"column\" data-e-type=\"column\">\n\t\t\t<div class=\"elementor-widget-wrap elementor-element-populated\">\n\t\t\t\t\t\t<div class=\"elementor-element elementor-element-50abbb0 elementor-widget elementor-widget-heading\" data-id=\"50abbb0\" data-element_type=\"widget\" data-e-type=\"widget\" data-widget_type=\"heading.default\">\n\t\t\t\t<div class=\"elementor-widget-container\">\n\t\t\t\t\t<h4 class=\"elementor-heading-title elementor-size-default\">Ayuda m\u00e1xima 1000\u20ac - Solo Segmento III<\/h4>\t\t\t\t<\/div>\n\t\t\t\t<\/div>\n\t\t\t\t\t<\/div>\n\t\t<\/div>\n\t\t\t\t\t<\/div>\n\t\t<\/section>\n\t\t\t\t<section class=\"elementor-section elementor-top-section elementor-element elementor-element-b1e1c68 elementor-section-boxed elementor-section-height-default elementor-section-height-default\" data-id=\"b1e1c68\" data-element_type=\"section\" data-e-type=\"section\">\n\t\t\t\t\t\t<div class=\"elementor-container elementor-column-gap-default\">\n\t\t\t\t\t<div class=\"elementor-column elementor-col-100 elementor-top-column elementor-element elementor-element-0b6e529\" data-id=\"0b6e529\" data-element_type=\"column\" data-e-type=\"column\">\n\t\t\t<div class=\"elementor-widget-wrap elementor-element-populated\">\n\t\t\t\t\t\t<div class=\"elementor-element elementor-element-4f8f8d2 elementor-widget elementor-widget-spacer\" data-id=\"4f8f8d2\" data-element_type=\"widget\" data-e-type=\"widget\" data-widget_type=\"spacer.default\">\n\t\t\t\t<div class=\"elementor-widget-container\">\n\t\t\t\t\t\t\t<div class=\"elementor-spacer\">\n\t\t\t<div class=\"elementor-spacer-inner\"><\/div>\n\t\t<\/div>\n\t\t\t\t\t\t<\/div>\n\t\t\t\t<\/div>\n\t\t\t\t\t<\/div>\n\t\t<\/div>\n\t\t\t\t\t<\/div>\n\t\t<\/section>\n\t\t\t\t<section class=\"elementor-section elementor-top-section elementor-element elementor-element-401486b elementor-section-boxed elementor-section-height-default elementor-section-height-default\" data-id=\"401486b\" data-element_type=\"section\" data-e-type=\"section\">\n\t\t\t\t\t\t<div class=\"elementor-container elementor-column-gap-default\">\n\t\t\t\t\t<div class=\"elementor-column elementor-col-100 elementor-top-column elementor-element elementor-element-00584a1\" data-id=\"00584a1\" data-element_type=\"column\" data-e-type=\"column\">\n\t\t\t<div class=\"elementor-widget-wrap elementor-element-populated\">\n\t\t\t\t\t\t<div class=\"elementor-element elementor-element-f1353d6 elementor-widget elementor-widget-text-editor\" data-id=\"f1353d6\" data-element_type=\"widget\" data-e-type=\"widget\" data-widget_type=\"text-editor.default\">\n\t\t\t\t<div class=\"elementor-widget-container\">\n\t\t\t\t\t\t\t\t\t<div style=\"word-break: break-word; color: #1a1a1c; font-family: Montserrat, sans-serif; background-color: #ffffff; margin-bottom: 4rem !important;\">\n<div style=\"word-break: break-word;\">\n<p style=\"word-break: break-word; font-size: 20px; color: #072142; line-height: 1.4;\">Si tienes una microempresa perteneciente al segmento III, el principal objetivo de esta categor\u00eda es proporcionarte un puesto de trabajo seguro con el fin de potenciar o mejorar tu productividad.<\/p>\n\n<\/div>\n<\/div>\n<div style=\"word-break: break-word; color: #1a1a1c; font-family: Montserrat, sans-serif; background-color: #ffffff;\">\n<div style=\"word-break: break-word;\">\n<h2 style=\"word-break: break-word; font-family: Poppins, sans-serif; color: #072142; margin-bottom: 0.6em; font-weight: 600; line-height: 1.2; font-size: 36px; max-width: 869px;\">Funcionalidades y servicios<\/h2>\n<div style=\"word-break: break-word;\">\n<ul style=\"word-break: break-word; margin-bottom: 1rem;\">\n \t<li style=\"word-break: break-word;\">\n<ul>\n \t<li class=\"paragraph\">\n<p class=\"i4t-wrap-text\">Recibir\u00e1s un dispositivo de hardware que deber\u00e1 incluir integrado el producto, una licencia y un encriptado\/cifrado en reposo que asegure la privacidad de los datos y documentos almacenados en el dispositivo.<\/p>\n<\/li>\n \t<li class=\"paragraph\">\n<p class=\"i4t-wrap-text\">Este dispositivo podr\u00e1 ser un ordenador port\u00e1til o de sobremesa nuevo. Adem\u00e1s, deber\u00e1 tener como m\u00ednimo las siguientes caracter\u00edsticas de hardware:<\/p>\n<\/li>\n<\/ul>\n<p class=\"i4t-wrap-text\"><\/p>\n\n<ol>\n \t<li class=\"paragraph\">\n<p class=\"i4t-wrap-text\"><span class=\"i4t-wrap-text\"><strong><span class=\"insuit-u\">Requisitos m\u00ednimos del dispositivo hardware:<\/span><\/strong><\/span><\/p>\n<\/li>\n<\/ol>\n<ul>\n \t<li>\n<p class=\"i4t-wrap-text\"><span class=\"i4t-wrap-text\"><strong>Un procesador\u00a0<\/strong>de\u00a0m\u00ednimo de 4 n\u00facleos f\u00edsicos y una velocidad de CPU<em>\u00a0clock<\/em>\u00a0m\u00e1xima de al menos 2.9 GHz y\u00a0<\/span>haber obtenido una puntuaci\u00f3n m\u00ednima de 15.000 en PassMark Software, con fecha 13 de mayo de 2024.<\/p>\n<\/li>\n \t<li>\n<p class=\"i4t-wrap-text\"><span class=\"i4t-wrap-text\"><strong>Una<\/strong><strong>\u00a0memoria RAM<\/strong>\u00a0m\u00ednima de 16GB DDR4.<\/span><\/p>\n<\/li>\n \t<li>\n<p class=\"i4t-wrap-text\"><span class=\"i4t-wrap-text\"><strong>Un almacenamiento SSD<\/strong>\u00a0m\u00ednimo de 512 GB. Adem\u00e1s, tus\u00a0datos estar\u00e1n protegidos con encriptado, la\u00a0contrase\u00f1a ser\u00e1 proporcionada por el Agente Digitalizador.<\/span><\/p>\n<\/li>\n \t<li>\n<p class=\"i4t-wrap-text\"><span class=\"i4t-wrap-text\"><strong>Un sistema operativo\u00a0<\/strong>preinstalado y licenciado de f\u00e1brica.<\/span><\/p>\n<\/li>\n \t<li>\n<p class=\"i4t-wrap-text\"><span class=\"i4t-wrap-text\"><strong>Tarjetas gr\u00e1ficas, de red y de sonido\u00a0<\/strong>integradas.<\/span><\/p>\n<\/li>\n \t<li class=\"paragraph\">\n<p class=\"i4t-wrap-text\"><span class=\"i4t-wrap-text\"><strong>Interfaces de entrada\/salida,\u00a0<\/strong>como puertos USB o de entrada de micr\u00f3fono,<strong>\u00a0<\/strong>que podr\u00e1n estar integrados en el dispositivo o a trav\u00e9s de un replicador de puertos.<\/span><\/p>\n<\/li>\n \t<li>\n<p class=\"i4t-wrap-text\"><span class=\"i4t-wrap-text\">Una\u00a0<strong>p<\/strong><strong>antalla,\u00a0<\/strong>si es un ordenador port\u00e1til ser\u00e1 de m\u00ednimo 13 pulgadas;\u00a0<strong>rat\u00f3n<\/strong>\u00a0\u00f3ptico, en caso de port\u00e1tiles, se aceptar\u00e1 el rat\u00f3n integrado o touchpad;<strong>\u00a0webcam\u00a0<\/strong>con resoluci\u00f3n m\u00ednima HD y un lector de tarjetas smartcard (DNI-e) con interfaz USB.<\/span><\/p>\n<\/li>\n \t<li>\n<p class=\"i4t-wrap-text\"><span class=\"i4t-wrap-text\">En el caso particular de los ordenadores de sobremesa contar\u00e1s con un\u00a0<strong>monitor<\/strong>\u00a0de m\u00ednimo 23 pulgadas, resoluci\u00f3n m\u00ednima Full HD y tecnolog\u00eda de visualizaci\u00f3n\u00a0<\/span>LCD, LED o equivalente, al menos un HDMI y etiqueta energ\u00e9tica de la Uni\u00f3n Europea<span class=\"i4t-wrap-text\">; un\u00a0<strong>teclado<\/strong>\u00a0y\u00a0<strong>cableado\u00a0<\/strong>tanto de alimentaci\u00f3n de dispositivos como HDMI.<\/span><\/p>\n<\/li>\n \t<li>\n<p class=\"i4t-wrap-text\">En el caso de los ordenadores de sobremesa y port\u00e1tiles, deber\u00e1n contar con al menos una\u00a0<strong>certificaci\u00f3n\u00a0<\/strong>de los siguientes tipos (o similar):<\/p>\n\n<ul>\n \t<li>\n<p class=\"i4t-wrap-text\">ENERGY STAR\u00ae.<\/p>\n<\/li>\n \t<li>\n<p class=\"i4t-wrap-text\">EPEAT\u2122 Silver Registered.<\/p>\n<\/li>\n \t<li>\n<p class=\"i4t-wrap-text\">TCO.<\/p>\n<\/li>\n<\/ul>\n<\/li>\n \t<li>\n<p class=\"i4t-wrap-text\"><strong>Certificaci\u00f3n MIL STD 810H<\/strong>\u00a0o equivalente. Deber\u00e1n cumplir un m\u00ednimo de 5 m\u00e9todos, entre ellos: alta temperatura, baja temperatura y humedad.<\/p>\n<\/li>\n<\/ul>\n<ol start=\"2\">\n \t<li class=\"paragraph\">\n<p class=\"i4t-wrap-text\"><span class=\"i4t-wrap-text\"><strong><span class=\"insuit-u\">Requisitos espec\u00edficos de Publicidad:<\/span><\/strong><\/span><\/p>\n<\/li>\n<\/ol>\n<ul>\n \t<li>\n<p class=\"i4t-wrap-text\">El dispositivo deber\u00e1 contar con serigraf\u00eda o etiqueta pegada \u00fanicamente en el port\u00e1til, ordenador o monitor.<\/p>\n<\/li>\n \t<li>\n<p class=\"i4t-wrap-text\">Los logos que deber\u00e1n contener ambas opciones ser\u00e1n los siguientes:<\/p>\n<\/li>\n \t<li class=\"x\">\n<p class=\"i4t-wrap-text\">El emblema de la Uni\u00f3n Europea (disponible en el link https:\/\/planderecuperacion.gob.es\/identidad-visual), que indique \u00abFinanciado por la Uni\u00f3n Europea-Next Generation EU\u00bb.<\/p>\n<\/li>\n \t<li class=\"x\">\n<p class=\"i4t-wrap-text\">El logo del Plan de Recuperaci\u00f3n, Transformaci\u00f3n y Resiliencia.<\/p>\n<\/li>\n \t<li class=\"x\">\n<p class=\"i4t-wrap-text\">El logo del Ministerio para la Transformaci\u00f3n Digital y de la Funci\u00f3n P\u00fablica.<\/p>\n<\/li>\n \t<li class=\"x\">\n<p class=\"i4t-wrap-text\">El logo de la Entidad P\u00fablica Empresarial Red.es (Deber\u00e1 aparecer como \u00abRed.es\u00bb).<\/p>\n<\/li>\n<\/ul>\n<p class=\"i4t-wrap-text\"><\/p>\n\n<ol start=\"3\">\n \t<li class=\"paragraph\">\n<p class=\"i4t-wrap-text\"><span class=\"i4t-wrap-text\"><strong><span class=\"insuit-u\">Requisitos m\u00ednimos del servicio de soporte y atenci\u00f3n:<\/span><\/strong><\/span><\/p>\n<\/li>\n<\/ol>\n<p class=\"i4t-wrap-text\">E<span class=\"i4t-wrap-text\">l Agente Digitalizador proporcionar\u00e1 un<strong>\u00a0servicio de Soporte y Atenci\u00f3n con las siguientes garant\u00edas\u00a0<\/strong>desde la entrega de los dispositivos hasta la finalizaci\u00f3n de la ejecuci\u00f3n de fase 2:<\/span><\/p>\n\n<ul>\n \t<li>\n<p class=\"i4t-wrap-text\">El dispositivo se entregar\u00e1 dentro de Espa\u00f1a tras haber sido comprobado su correcto funcionamiento.<\/p>\n<\/li>\n \t<li>\n<p class=\"i4t-wrap-text\">Como beneficiario, podr\u00e1s ser atendido por el servicio de soporte en r\u00e9gimen de 5 d\u00edas laborables.\u00a0Deber\u00e1s contar con un correo electr\u00f3nico para recibir los avisos de aver\u00edas o incidencias, con un horario m\u00ednimo del servicio de atenci\u00f3n a estas comunicaciones de 09:00 a 17:00 horas, de lunes a viernes.<\/p>\n<\/li>\n \t<li>\n<p class=\"i4t-wrap-text\">Las reparaciones se har\u00e1n a trav\u00e9s de un soporte en remoto o in situ en la ubicaci\u00f3n donde se realiz\u00f3 la entrega. Los costes derivados ser\u00e1n responsabilidad del digitalizador. Se incluyen las reparaciones por rotura o desperfectos y problemas de configuraci\u00f3n, siempre que est\u00e9n basados en un correcto uso del dispositivo.<\/p>\n<\/li>\n \t<li>\n<p class=\"i4t-wrap-text\">El tiempo m\u00e1ximo de reparaci\u00f3n de la aver\u00eda, entre la comunicaci\u00f3n de la incidencia y hasta la resoluci\u00f3n de esta, ser\u00e1 de 5 d\u00edas laborables. Si no se cumple este plazo se te otorgar\u00e1 un equipo an\u00e1logo de sustituci\u00f3n.<\/p>\n<\/li>\n<\/ul>\n<p class=\"i4t-wrap-text\"><\/p>\n\n<ol start=\"4\">\n \t<li class=\"paragraph\">\n<p class=\"i4t-wrap-text\"><span class=\"i4t-wrap-text\"><strong><span class=\"insuit-u\">Requisitos de ciberseguridad del Puesto de trabajo seguro:<\/span><\/strong><\/span><\/p>\n<\/li>\n<\/ol>\n<p class=\"i4t-wrap-text\">La soluci\u00f3n de Puesto de trabajo seguro cumplir\u00e1 con\u00a0<span class=\"i4t-wrap-text\">los siguientes requisitos m\u00ednimos asociados a la categor\u00eda de soluci\u00f3n<strong>\u00a0de Ciberseguridad:<\/strong><\/span><\/p>\n\n<ul>\n \t<li>\n<p class=\"i4t-wrap-text\"><span class=\"i4t-wrap-text\"><strong>Antimalware:<\/strong>\u00a0tendr\u00e1s acceso a una herramienta que analice tu dispositivo, su memoria interna y los dispositivos de almacenamiento externos.<\/span><\/p>\n<\/li>\n \t<li>\n<p class=\"i4t-wrap-text\"><span class=\"i4t-wrap-text\"><strong>Antispyware:<\/strong>\u00a0se proporcionar\u00e1 una herramienta que detecte y evite el malware esp\u00eda.<\/span><\/p>\n<\/li>\n \t<li>\n<p class=\"i4t-wrap-text\"><span class=\"i4t-wrap-text\"><strong>Correo seguro:<\/strong>\u00a0contar\u00e1s con herramientas de an\u00e1lisis del correo electr\u00f3nico con las siguientes caracter\u00edsticas:<\/span><\/p>\n\n<ul>\n \t<li>\n<p class=\"i4t-wrap-text\"><span class=\"i4t-wrap-text\"><strong>Antispam<\/strong>, con detecci\u00f3n y filtro de correo no deseado.<\/span><\/p>\n<\/li>\n \t<li>\n<p class=\"i4t-wrap-text\"><span class=\"i4t-wrap-text\"><strong>Antiphishing<\/strong>, con detecci\u00f3n\u00a0de correos con enlaces o malware que se sospecha sirvan para robar credenciales.<\/span><\/p>\n<\/li>\n<\/ul>\n<\/li>\n \t<li>\n<p class=\"i4t-wrap-text\"><span class=\"i4t-wrap-text\"><strong>Navegaci\u00f3n segura:<\/strong>\u00a0contar\u00e1s con un control de contenidos y antiadware para evitar anuncios maliciosos.<\/span><\/p>\n<\/li>\n \t<li>\n<p class=\"i4t-wrap-text\"><span class=\"i4t-wrap-text\"><strong>An\u00e1lisis y detecci\u00f3n de amenazas<\/strong>: la soluci\u00f3n te permitir\u00e1 conocer el comportamiento de las amenazas existentes\u00a0y nuevas.<\/span><\/p>\n<\/li>\n \t<li>\n<p class=\"i4t-wrap-text\"><span class=\"i4t-wrap-text\"><strong>Monitorizaci\u00f3n de la red:<\/strong>\u00a0tendr\u00e1s herramientas que analicen el tr\u00e1fico de red y alerten de amenazas.<\/span><\/p>\n<\/li>\n \t<li>\n<p class=\"i4t-wrap-text\"><span class=\"i4t-wrap-text\"><strong>Configuraci\u00f3n inicial y actualizaciones de seguridad:<\/strong>\u00a0se debe realizar una configuraci\u00f3n inicial para su correcto uso, con las respectivas actualizaciones de firmas de malware y otros datos para detecci\u00f3n de amenazas adem\u00e1s de las actualizaciones de software de seguridad peri\u00f3dicas requeridas.<\/span><\/p>\n<\/li>\n \t<li>\n<p class=\"i4t-wrap-text\"><span class=\"i4t-wrap-text\"><strong>Requisitos especiales de formaci\u00f3n:<\/strong>\u00a0adem\u00e1s de los requisitos de formaci\u00f3n comunes, la formaci\u00f3n que recibir\u00e1s incluir\u00e1 una tutorizaci\u00f3n para la configuraci\u00f3n del software de seguridad, as\u00ed como un kit de concienciaci\u00f3n en ciberseguridad para complementar la soluci\u00f3n con habilidades de firewall humano.<\/span><\/p>\n<\/li>\n<\/ul>\n<p class=\"i4t-wrap-text\"><\/p>\n\n<ol start=\"5\">\n \t<li class=\"paragraph\">\n<p class=\"i4t-wrap-text\"><span class=\"i4t-wrap-text\"><strong><span class=\"insuit-u\">Posibilidad de adquisici\u00f3n del hardware asociado:<\/span><\/strong><\/span><\/p>\n<\/li>\n<\/ol>\n<ul>\n \t<li class=\"paragraph\">\n<p class=\"i4t-wrap-text\">Una vez finalizada la fase II, podr\u00e1s adquirir la propiedad del hardware,\u00a0previo pago al Agente Digitalizador Adherido del valor residual del equipamiento.<\/p>\n<\/li>\n \t<li class=\"paragraph\">\n<p class=\"i4t-wrap-text\">Esta ser\u00e1 una decisi\u00f3n opcional para ti, pero obligatoria para el Agente Digitalizador Adherido.<\/p>\n<\/li>\n \t<li class=\"paragraph\">\n<p class=\"i4t-wrap-text\">En el caso de que no pagues el importe de compra acordado, el Agente Digitalizador Adherido podr\u00e1 recuperar el equipamiento.<\/p>\n<\/li>\n \t<li class=\"paragraph\">\n<p class=\"i4t-wrap-text\">El Agente Digitalizador Adherido, al finalizar los 12 meses de prestaci\u00f3n del servicio correspondiente a la fase II, deber\u00e1 informar, en su oferta del Cat\u00e1logo de Soluciones de Digitalizaci\u00f3n de Acelera Pyme, cu\u00e1l es el valor de compra del equipo. Dicho importe deber\u00e1 constar reflejado en el Acuerdo de Prestaci\u00f3n de Soluciones de Digitalizaci\u00f3n.<\/p>\n<\/li>\n \t<li class=\"paragraph\">\n<p class=\"i4t-wrap-text\">Como m\u00e1ximo, el importe del valor de compra ser\u00e1 del 15% del importe del acuerdo firmado (importe de la soluci\u00f3n).<\/p>\n<\/li>\n<\/ul>\n<p class=\"i4t-wrap-text\"><em>Aquellos beneficiarios que opten por la formalizaci\u00f3n de Acuerdos de la Categor\u00eda de \u00abPuesto de trabajo seguro\u00bb, deber\u00e1n tener validado uno o m\u00e1s Acuerdos de Prestaci\u00f3n de Soluciones de Digitalizaci\u00f3n por cualquier otra Categor\u00eda de Soluci\u00f3n de Digitalizaci\u00f3n de entre las previstas en el art\u00edculo 18.2 de las Bases Reguladoras.<\/em><\/p>\n<\/li>\n<\/ul>\n<p style=\"word-break: break-word;\"><\/p>\n\n<\/div>\n<h2 style=\"word-break: break-word; font-family: Poppins, sans-serif; color: #072142; margin-bottom: 0.6em; font-weight: 600; line-height: 1.2; font-size: 36px; max-width: 869px;\">Porcentajes de ejecuci\u00f3n asociados a las fases<\/h2>\n<div style=\"word-break: break-word;\">\n<ul style=\"word-break: break-word; margin-bottom: 1rem;\">\n \t<li style=\"word-break: break-word;\">\n<p style=\"word-break: break-word;\"><span style=\"word-break: break-word;\">Primera: 80 %<\/span><\/p>\n<\/li>\n \t<li style=\"word-break: break-word;\">\n<p style=\"word-break: break-word;\"><span style=\"word-break: break-word;\">Segunda: 20 %<\/span><\/p>\n<\/li>\n<\/ul>\n<h2 style=\"word-break: break-word; font-family: Poppins, sans-serif; color: #072142; margin-top: 0px; margin-bottom: 0.6em; font-weight: 600; line-height: 1.2; font-size: 36px; max-width: 869px;\">Importe m\u00e1ximo de la ayuda<\/h2>\n<div style=\"word-break: break-word;\">\n<ul style=\"word-break: break-word; margin-bottom: 1rem;\">\n \t<li style=\"word-break: break-word;\">\n<p style=\"word-break: break-word;\"><span style=\"word-break: break-word;\">0 &lt; 3 empleados: 1.000\u20ac<\/span><\/p>\n<\/li>\n<\/ul>\n<\/div>\n<\/div>\n<\/div>\n<\/div>\t\t\t\t\t\t\t\t<\/div>\n\t\t\t\t<\/div>\n\t\t\t\t\t<\/div>\n\t\t<\/div>\n\t\t\t\t\t<\/div>\n\t\t<\/section>\n\t\t\t\t<section class=\"elementor-section elementor-top-section elementor-element elementor-element-2b30030 elementor-section-boxed elementor-section-height-default elementor-section-height-default elementor-invisible\" data-id=\"2b30030\" data-element_type=\"section\" data-e-type=\"section\" data-settings=\"{&quot;animation&quot;:&quot;fadeIn&quot;}\">\n\t\t\t\t\t\t<div class=\"elementor-container elementor-column-gap-default\">\n\t\t\t\t\t<div class=\"elementor-column elementor-col-100 elementor-top-column elementor-element elementor-element-5d7dd10\" data-id=\"5d7dd10\" data-element_type=\"column\" data-e-type=\"column\">\n\t\t\t<div class=\"elementor-widget-wrap elementor-element-populated\">\n\t\t\t\t\t\t<div class=\"elementor-element elementor-element-3917a49 elementor-widget elementor-widget-spacer\" data-id=\"3917a49\" data-element_type=\"widget\" data-e-type=\"widget\" data-widget_type=\"spacer.default\">\n\t\t\t\t<div class=\"elementor-widget-container\">\n\t\t\t\t\t\t\t<div class=\"elementor-spacer\">\n\t\t\t<div class=\"elementor-spacer-inner\"><\/div>\n\t\t<\/div>\n\t\t\t\t\t\t<\/div>\n\t\t\t\t<\/div>\n\t\t\t\t<div class=\"elementor-element elementor-element-fddc17e elementor-widget elementor-widget-heading\" data-id=\"fddc17e\" data-element_type=\"widget\" data-e-type=\"widget\" data-widget_type=\"heading.default\">\n\t\t\t\t<div class=\"elementor-widget-container\">\n\t\t\t\t\t<h2 class=\"elementor-heading-title elementor-size-default\">Contacta con nosotros<\/h2>\t\t\t\t<\/div>\n\t\t\t\t<\/div>\n\t\t\t\t\t<\/div>\n\t\t<\/div>\n\t\t\t\t\t<\/div>\n\t\t<\/section>\n\t\t\t\t<section class=\"elementor-section elementor-top-section elementor-element elementor-element-01c8665 elementor-section-boxed elementor-section-height-default elementor-section-height-default\" data-id=\"01c8665\" data-element_type=\"section\" data-e-type=\"section\" data-settings=\"{&quot;background_background&quot;:&quot;classic&quot;}\">\n\t\t\t\t\t\t<div class=\"elementor-container elementor-column-gap-default\">\n\t\t\t\t\t<div class=\"elementor-column elementor-col-100 elementor-top-column elementor-element elementor-element-8645d90\" data-id=\"8645d90\" data-element_type=\"column\" data-e-type=\"column\">\n\t\t\t<div class=\"elementor-widget-wrap\">\n\t\t\t\t\t\t\t<\/div>\n\t\t<\/div>\n\t\t\t\t\t<\/div>\n\t\t<\/section>\n\t\t\t\t<\/div>\n\t\t","protected":false},"excerpt":{"rendered":"<p>Puesto de trabajo seguro Ayuda m\u00e1xima 1000\u20ac &#8211; Solo Segmento III Si tienes una microempresa perteneciente al segmento III, el principal objetivo de esta categor\u00eda es proporcionarte un puesto de trabajo seguro con el fin de potenciar o mejorar tu productividad. Funcionalidades y servicios Recibir\u00e1s un dispositivo de hardware que deber\u00e1 incluir integrado el producto,&nbsp;&hellip;<\/p>\n","protected":false},"author":1,"featured_media":0,"parent":0,"menu_order":10,"comment_status":"closed","ping_status":"closed","template":"","meta":{"footnotes":""},"class_list":["post-511","page","type-page","status-publish","hentry"],"_links":{"self":[{"href":"https:\/\/internortex.net\/index.php\/wp-json\/wp\/v2\/pages\/511","targetHints":{"allow":["GET"]}}],"collection":[{"href":"https:\/\/internortex.net\/index.php\/wp-json\/wp\/v2\/pages"}],"about":[{"href":"https:\/\/internortex.net\/index.php\/wp-json\/wp\/v2\/types\/page"}],"author":[{"embeddable":true,"href":"https:\/\/internortex.net\/index.php\/wp-json\/wp\/v2\/users\/1"}],"replies":[{"embeddable":true,"href":"https:\/\/internortex.net\/index.php\/wp-json\/wp\/v2\/comments?post=511"}],"version-history":[{"count":7,"href":"https:\/\/internortex.net\/index.php\/wp-json\/wp\/v2\/pages\/511\/revisions"}],"predecessor-version":[{"id":518,"href":"https:\/\/internortex.net\/index.php\/wp-json\/wp\/v2\/pages\/511\/revisions\/518"}],"wp:attachment":[{"href":"https:\/\/internortex.net\/index.php\/wp-json\/wp\/v2\/media?parent=511"}],"curies":[{"name":"wp","href":"https:\/\/api.w.org\/{rel}","templated":true}]}}