{"id":225,"date":"2022-03-07T11:47:01","date_gmt":"2022-03-07T11:47:01","guid":{"rendered":"https:\/\/internortex.net\/?page_id=225"},"modified":"2022-03-10T12:44:32","modified_gmt":"2022-03-10T12:44:32","slug":"sitio-web-y-presencia-en-internet","status":"publish","type":"page","link":"https:\/\/internortex.net\/index.php\/sitio-web-y-presencia-en-internet\/","title":{"rendered":"Sitio Web y Presencia en Internet"},"content":{"rendered":"\t\t<div data-elementor-type=\"wp-page\" data-elementor-id=\"225\" class=\"elementor elementor-225\">\n\t\t\t\t\t\t<section class=\"elementor-section elementor-top-section elementor-element elementor-element-ffbc32e elementor-section-boxed elementor-section-height-default elementor-section-height-default\" data-id=\"ffbc32e\" data-element_type=\"section\" data-e-type=\"section\">\n\t\t\t\t\t\t<div class=\"elementor-container elementor-column-gap-default\">\n\t\t\t\t\t<div class=\"elementor-column elementor-col-100 elementor-top-column elementor-element elementor-element-3e6ec33\" data-id=\"3e6ec33\" data-element_type=\"column\" data-e-type=\"column\">\n\t\t\t<div class=\"elementor-widget-wrap elementor-element-populated\">\n\t\t\t\t\t\t<div class=\"elementor-element elementor-element-986486b elementor-widget elementor-widget-heading\" data-id=\"986486b\" data-element_type=\"widget\" data-e-type=\"widget\" data-widget_type=\"heading.default\">\n\t\t\t\t<div class=\"elementor-widget-container\">\n\t\t\t\t\t<h2 class=\"elementor-heading-title elementor-size-default\"><span style=\"font-family: Poppins, sans-serif;font-size: 40px\">Sitio Web y Presencia en Internet<\/span><\/h2>\t\t\t\t<\/div>\n\t\t\t\t<\/div>\n\t\t\t\t\t<\/div>\n\t\t<\/div>\n\t\t\t\t\t<\/div>\n\t\t<\/section>\n\t\t\t\t<section class=\"elementor-section elementor-top-section elementor-element elementor-element-1c8cb54 elementor-section-boxed elementor-section-height-default elementor-section-height-default\" data-id=\"1c8cb54\" data-element_type=\"section\" data-e-type=\"section\">\n\t\t\t\t\t\t<div class=\"elementor-container elementor-column-gap-default\">\n\t\t\t\t\t<div class=\"elementor-column elementor-col-100 elementor-top-column elementor-element elementor-element-c9238de\" data-id=\"c9238de\" data-element_type=\"column\" data-e-type=\"column\">\n\t\t\t<div class=\"elementor-widget-wrap elementor-element-populated\">\n\t\t\t\t\t\t<div class=\"elementor-element elementor-element-50abbb0 elementor-widget elementor-widget-heading\" data-id=\"50abbb0\" data-element_type=\"widget\" data-e-type=\"widget\" data-widget_type=\"heading.default\">\n\t\t\t\t<div class=\"elementor-widget-container\">\n\t\t\t\t\t<h4 class=\"elementor-heading-title elementor-size-default\">Ayuda m\u00e1xima 2000\u20ac<\/h4>\t\t\t\t<\/div>\n\t\t\t\t<\/div>\n\t\t\t\t\t<\/div>\n\t\t<\/div>\n\t\t\t\t\t<\/div>\n\t\t<\/section>\n\t\t\t\t<section class=\"elementor-section elementor-top-section elementor-element elementor-element-b1e1c68 elementor-section-boxed elementor-section-height-default elementor-section-height-default\" data-id=\"b1e1c68\" data-element_type=\"section\" data-e-type=\"section\">\n\t\t\t\t\t\t<div class=\"elementor-container elementor-column-gap-default\">\n\t\t\t\t\t<div class=\"elementor-column elementor-col-100 elementor-top-column elementor-element elementor-element-0b6e529\" data-id=\"0b6e529\" data-element_type=\"column\" data-e-type=\"column\">\n\t\t\t<div class=\"elementor-widget-wrap elementor-element-populated\">\n\t\t\t\t\t\t<div class=\"elementor-element elementor-element-4f8f8d2 elementor-widget elementor-widget-spacer\" data-id=\"4f8f8d2\" data-element_type=\"widget\" data-e-type=\"widget\" data-widget_type=\"spacer.default\">\n\t\t\t\t<div class=\"elementor-widget-container\">\n\t\t\t\t\t\t\t<div class=\"elementor-spacer\">\n\t\t\t<div class=\"elementor-spacer-inner\"><\/div>\n\t\t<\/div>\n\t\t\t\t\t\t<\/div>\n\t\t\t\t<\/div>\n\t\t\t\t\t<\/div>\n\t\t<\/div>\n\t\t\t\t\t<\/div>\n\t\t<\/section>\n\t\t\t\t<section class=\"elementor-section elementor-top-section elementor-element elementor-element-401486b elementor-section-boxed elementor-section-height-default elementor-section-height-default\" data-id=\"401486b\" data-element_type=\"section\" data-e-type=\"section\">\n\t\t\t\t\t\t<div class=\"elementor-container elementor-column-gap-default\">\n\t\t\t\t\t<div class=\"elementor-column elementor-col-100 elementor-top-column elementor-element elementor-element-00584a1\" data-id=\"00584a1\" data-element_type=\"column\" data-e-type=\"column\">\n\t\t\t<div class=\"elementor-widget-wrap elementor-element-populated\">\n\t\t\t\t\t\t<div class=\"elementor-element elementor-element-f1353d6 elementor-widget elementor-widget-text-editor\" data-id=\"f1353d6\" data-element_type=\"widget\" data-e-type=\"widget\" data-widget_type=\"text-editor.default\">\n\t\t\t\t<div class=\"elementor-widget-container\">\n\t\t\t\t\t\t\t\t\t<div style=\"word-break: break-word; color: #1a1a1c; font-family: Montserrat, sans-serif; background-color: #ffffff; margin-bottom: 4rem !important;\"><div style=\"word-break: break-word;\"><p style=\"word-break: break-word; font-size: 20px; color: #072142; line-height: 1.4;\"><span style=\"word-break: break-word;\">El principal objetivo de esta categor\u00eda es que puedas tener una p\u00e1gina web para darte visibilidad en internet.<\/span><\/p><\/div><\/div><div style=\"word-break: break-word; color: #1a1a1c; font-family: Montserrat, sans-serif; background-color: #ffffff;\"><div style=\"word-break: break-word;\"><h2 style=\"word-break: break-word; font-family: Poppins, sans-serif; color: #072142; margin-bottom: 0.6em; font-weight: 600; line-height: 1.2; font-size: 36px; max-width: 869px;\">Funcionalidades y servicios<\/h2><div style=\"word-break: break-word;\"><ul style=\"word-break: break-word; margin-bottom: 1rem;\"><li style=\"word-break: break-word;\"><p style=\"word-break: break-word;\"><span style=\"word-break: break-word;\"><span style=\"word-break: break-word;\"><span style=\"word-break: break-word;\"><span style=\"word-break: break-word; font-weight: bold;\"><span style=\"word-break: break-word;\">Dominio:<\/span><\/span><span style=\"word-break: break-word;\">\u00a0la soluci\u00f3n incluye el<\/span><span style=\"word-break: break-word;\">\u00a0dominio de tu web durante un plazo m\u00ednimo de doce meses. La titularidad del dominio ser\u00e1 tuya por completo.<\/span><\/span><\/span><\/span><\/p><\/li><li style=\"word-break: break-word;\"><p style=\"word-break: break-word;\"><span style=\"word-break: break-word;\"><span style=\"word-break: break-word;\"><span style=\"word-break: break-word;\"><span style=\"word-break: break-word; font-weight: bold;\"><span style=\"word-break: break-word;\">Hosting:<\/span><\/span><span style=\"word-break: break-word;\">\u00a0tambi\u00e9n tendr\u00e1s a tu disposici\u00f3n el\u00a0<\/span><span style=\"word-break: break-word;\">alojamiento de la p\u00e1gina web durante un plazo m\u00ednimo de doce meses.\u00a0<\/span><\/span><\/span><\/span><\/p><\/li><li style=\"word-break: break-word;\"><p style=\"word-break: break-word;\"><span style=\"word-break: break-word;\"><span style=\"word-break: break-word;\"><span style=\"word-break: break-word;\"><span style=\"word-break: break-word; font-weight: bold;\"><span style=\"word-break: break-word;\">Dise\u00f1o de la p\u00e1gina web:<\/span><\/span><span style=\"word-break: break-word;\">\u00a0como parte del servicio tendr\u00e1s la estructura de la web, con un m\u00ednimo de 3 apartados. Se consideran p\u00e1ginas o apartados de una web, elementos tales como: p\u00e1gina de inicio (Landing Page), presentaci\u00f3n de la empresa, formulario de contacto, descripci\u00f3n de productos, datos de contacto, mapa del sitio (sitemap), etc.<\/span><\/span><\/span><\/span><\/p><\/li><li style=\"word-break: break-word;\"><p style=\"word-break: break-word;\"><span style=\"word-break: break-word;\"><span style=\"word-break: break-word; font-weight: bold;\"><span style=\"word-break: break-word;\">Web\u00a0responsive:<\/span><\/span><span style=\"word-break: break-word;\">\u00a0tu web se adaptar\u00e1 perfectamente a cualquier tipo de dispositivo.<\/span>\u00a0<\/span><\/p><\/li><li style=\"word-break: break-word;\"><p style=\"word-break: break-word;\"><span style=\"word-break: break-word;\"><span style=\"word-break: break-word; font-weight: bold;\"><span style=\"word-break: break-word;\">Accesibilidad:<\/span><\/span><span style=\"word-break: break-word;\">\u00a0el dise\u00f1o de tu web cumplir\u00e1 con los criterios de conformidad de nivel AA de las Pautas WCAG-2.1.<\/span>\u00a0<\/span><\/p><\/li><li style=\"word-break: break-word;\"><p style=\"word-break: break-word;\"><span style=\"word-break: break-word;\"><span style=\"word-break: break-word;\"><span style=\"word-break: break-word;\"><span style=\"word-break: break-word; font-weight: bold;\"><span style=\"word-break: break-word;\">Posicionamiento b\u00e1sico en internet:<\/span><\/span><span style=\"word-break: break-word;\">\u00a0 la informaci\u00f3n de tu pyme ser\u00e1 indexable por los principales motores de b\u00fasqueda (On-Page).<\/span><\/span><\/span><\/span><\/p><\/li><li style=\"word-break: break-word;\"><p style=\"word-break: break-word;\"><span style=\"word-break: break-word;\"><span style=\"word-break: break-word;\"><span style=\"word-break: break-word;\"><span style=\"word-break: break-word; font-weight: bold;\"><span style=\"word-break: break-word;\"><span style=\"word-break: break-word;\">Autogestionable:<\/span><\/span><\/span><span style=\"word-break: break-word;\"><span style=\"word-break: break-word;\">\u00a0dispondr\u00e1s tambi\u00e9n de una plataforma de gesti\u00f3n de contenidos para que puedas modificar los contenidos de tu web sin necesidad de ayuda.<\/span><\/span><\/span><\/span><\/span><\/p><\/li><li style=\"word-break: break-word;\"><p style=\"word-break: break-word;\"><span style=\"word-break: break-word;\"><span style=\"word-break: break-word;\"><span style=\"word-break: break-word;\"><span style=\"word-break: break-word; font-weight: bold;\"><span style=\"word-break: break-word;\">Optimizaci\u00f3n de la presencia en buscadores (SEO b\u00e1sico):\u00a0<\/span><\/span><span style=\"word-break: break-word;\"><span style=\"word-break: break-word;\"><span style=\"word-break: break-word;\">An\u00e1lisis de palabras clave, SEO On-Page de 2 p\u00e1ginas o apartados, indexaci\u00f3n y jerarquizaci\u00f3n del contenido.<\/span><\/span><\/span><\/span><\/span><\/span><\/p><\/li><\/ul><p style=\"word-break: break-word;\">\u00a0<\/p><\/div><h2 style=\"word-break: break-word; font-family: Poppins, sans-serif; color: #072142; margin-bottom: 0.6em; font-weight: 600; line-height: 1.2; font-size: 36px; max-width: 869px;\">Porcentajes de ejecuci\u00f3n asociados a las fases<\/h2><div style=\"word-break: break-word;\"><ul style=\"word-break: break-word; margin-bottom: 1rem;\"><li style=\"word-break: break-word;\"><p style=\"word-break: break-word;\"><span style=\"word-break: break-word;\">Primera: 70 %<\/span><\/p><\/li><li style=\"word-break: break-word;\"><p style=\"word-break: break-word;\"><span style=\"word-break: break-word;\">Segunda: 30 %<\/span><\/p><\/li><\/ul><h2 style=\"word-break: break-word; font-family: Poppins, sans-serif; color: #072142; margin-top: 0px; margin-bottom: 0.6em; font-weight: 600; line-height: 1.2; font-size: 36px; max-width: 869px;\">Importe m\u00e1ximo de la ayuda<\/h2><div style=\"word-break: break-word;\"><ul style=\"word-break: break-word; margin-bottom: 1rem;\"><li style=\"word-break: break-word;\"><p style=\"word-break: break-word;\"><span style=\"word-break: break-word;\">0 &lt; 3 empleados: 2.000\u20ac<\/span><\/p><\/li><li style=\"word-break: break-word;\"><p style=\"word-break: break-word;\"><span style=\"word-break: break-word;\">3 &lt; 9 empleados: 2.000\u20ac<\/span><\/p><\/li><li style=\"word-break: break-word;\"><p style=\"word-break: break-word;\"><span style=\"word-break: break-word;\">10 &lt; 50 empleados: 2.000\u20ac<\/span><\/p><\/li><\/ul><\/div><\/div><\/div><\/div><h2 style=\"word-break: break-word; font-family: Poppins, sans-serif; color: #072142; margin-top: 0px; margin-bottom: 0.6em; font-weight: 600; line-height: 1.2; font-size: 36px; max-width: 869px;\">Rango de precios<\/h2><div><ul style=\"margin-bottom: 1rem; color: #1a1a1c; font-family: Montserrat, sans-serif; word-break: break-word;\"><li style=\"word-break: break-word;\"><p style=\"word-break: break-word;\"><span style=\"word-break: break-word;\">0 &lt; 3 empleados: 1.800\u20ac &#8211; 2.200\u20ac (impuestos no inclu\u00eddos)<\/span><\/p><\/li><li style=\"word-break: break-word;\"><p style=\"word-break: break-word;\"><span style=\"word-break: break-word;\">3 &lt; 9 empleados:\u00a02.000\u20ac &#8211; 2.200\u20ac (impuestos no inclu\u00eddos)<\/span><\/p><\/li><li style=\"word-break: break-word;\"><p style=\"word-break: break-word;\"><span style=\"word-break: break-word;\">10 &lt; 50 empleados: 2.000\u20ac &#8211; 2.200\u20ac (impuestos no inclu\u00eddos)<\/span><\/p><\/li><\/ul><\/div>\t\t\t\t\t\t\t\t<\/div>\n\t\t\t\t<\/div>\n\t\t\t\t\t<\/div>\n\t\t<\/div>\n\t\t\t\t\t<\/div>\n\t\t<\/section>\n\t\t\t\t<section class=\"elementor-section elementor-top-section elementor-element elementor-element-2b30030 elementor-section-boxed elementor-section-height-default elementor-section-height-default elementor-invisible\" data-id=\"2b30030\" data-element_type=\"section\" data-e-type=\"section\" data-settings=\"{&quot;animation&quot;:&quot;fadeIn&quot;}\">\n\t\t\t\t\t\t<div class=\"elementor-container elementor-column-gap-default\">\n\t\t\t\t\t<div class=\"elementor-column elementor-col-100 elementor-top-column elementor-element elementor-element-5d7dd10\" data-id=\"5d7dd10\" data-element_type=\"column\" data-e-type=\"column\">\n\t\t\t<div class=\"elementor-widget-wrap elementor-element-populated\">\n\t\t\t\t\t\t<div class=\"elementor-element elementor-element-3917a49 elementor-widget elementor-widget-spacer\" data-id=\"3917a49\" data-element_type=\"widget\" data-e-type=\"widget\" data-widget_type=\"spacer.default\">\n\t\t\t\t<div class=\"elementor-widget-container\">\n\t\t\t\t\t\t\t<div class=\"elementor-spacer\">\n\t\t\t<div class=\"elementor-spacer-inner\"><\/div>\n\t\t<\/div>\n\t\t\t\t\t\t<\/div>\n\t\t\t\t<\/div>\n\t\t\t\t<div class=\"elementor-element elementor-element-fddc17e elementor-widget elementor-widget-heading\" data-id=\"fddc17e\" data-element_type=\"widget\" data-e-type=\"widget\" data-widget_type=\"heading.default\">\n\t\t\t\t<div class=\"elementor-widget-container\">\n\t\t\t\t\t<h2 class=\"elementor-heading-title elementor-size-default\">Contacta con nosotros<\/h2>\t\t\t\t<\/div>\n\t\t\t\t<\/div>\n\t\t\t\t\t<\/div>\n\t\t<\/div>\n\t\t\t\t\t<\/div>\n\t\t<\/section>\n\t\t\t\t<section class=\"elementor-section elementor-top-section elementor-element elementor-element-01c8665 elementor-section-boxed elementor-section-height-default elementor-section-height-default\" data-id=\"01c8665\" data-element_type=\"section\" data-e-type=\"section\" data-settings=\"{&quot;background_background&quot;:&quot;classic&quot;}\">\n\t\t\t\t\t\t<div class=\"elementor-container elementor-column-gap-default\">\n\t\t\t\t\t<div class=\"elementor-column elementor-col-100 elementor-top-column elementor-element elementor-element-8645d90\" data-id=\"8645d90\" data-element_type=\"column\" data-e-type=\"column\">\n\t\t\t<div class=\"elementor-widget-wrap\">\n\t\t\t\t\t\t\t<\/div>\n\t\t<\/div>\n\t\t\t\t\t<\/div>\n\t\t<\/section>\n\t\t\t\t<\/div>\n\t\t","protected":false},"excerpt":{"rendered":"<p>Sitio Web y Presencia en Internet Ayuda m\u00e1xima 2000\u20ac El principal objetivo de esta categor\u00eda es que puedas tener una p\u00e1gina web para darte visibilidad en internet. Funcionalidades y servicios Dominio:\u00a0la soluci\u00f3n incluye el\u00a0dominio de tu web durante un plazo m\u00ednimo de doce meses. La titularidad del dominio ser\u00e1 tuya por completo. Hosting:\u00a0tambi\u00e9n tendr\u00e1s a&nbsp;&hellip;<\/p>\n","protected":false},"author":1,"featured_media":0,"parent":0,"menu_order":10,"comment_status":"closed","ping_status":"closed","template":"","meta":{"footnotes":""},"class_list":["post-225","page","type-page","status-publish","hentry"],"_links":{"self":[{"href":"https:\/\/internortex.net\/index.php\/wp-json\/wp\/v2\/pages\/225","targetHints":{"allow":["GET"]}}],"collection":[{"href":"https:\/\/internortex.net\/index.php\/wp-json\/wp\/v2\/pages"}],"about":[{"href":"https:\/\/internortex.net\/index.php\/wp-json\/wp\/v2\/types\/page"}],"author":[{"embeddable":true,"href":"https:\/\/internortex.net\/index.php\/wp-json\/wp\/v2\/users\/1"}],"replies":[{"embeddable":true,"href":"https:\/\/internortex.net\/index.php\/wp-json\/wp\/v2\/comments?post=225"}],"version-history":[{"count":50,"href":"https:\/\/internortex.net\/index.php\/wp-json\/wp\/v2\/pages\/225\/revisions"}],"predecessor-version":[{"id":484,"href":"https:\/\/internortex.net\/index.php\/wp-json\/wp\/v2\/pages\/225\/revisions\/484"}],"wp:attachment":[{"href":"https:\/\/internortex.net\/index.php\/wp-json\/wp\/v2\/media?parent=225"}],"curies":[{"name":"wp","href":"https:\/\/api.w.org\/{rel}","templated":true}]}}